{"id":6,"date":"2010-06-09T16:17:38","date_gmt":"2010-06-09T14:17:38","guid":{"rendered":"http:\/\/thomas-ott.net\/home\/?page_id=6"},"modified":"2019-05-22T15:09:20","modified_gmt":"2019-05-22T13:09:20","slug":"projekte","status":"publish","type":"page","link":"https:\/\/thomas-ott.net\/home\/?page_id=6","title":{"rendered":"Projekte"},"content":{"rendered":"<h3>Wissenschaftliche Projekte<\/h3>\n<ul class=\"display-posts-listing\"><li class=\"listing-item\"><a class=\"title\" href=\"https:\/\/thomas-ott.net\/home\/?p=188\">Aufbau eines nachhaltigkeitsorientierten Stoffstrommanagements in der Industrieregion Rhein-Neckar<\/a><\/li><li class=\"listing-item\"><a class=\"title\" href=\"https:\/\/thomas-ott.net\/home\/?p=17720\">DeCiDe &#8211; Demographic Challenges in Development<\/a><\/li><li class=\"listing-item\"><a class=\"title\" href=\"https:\/\/thomas-ott.net\/home\/?p=401\">Demographische Entwicklung im l\u00e4ndlichen Raum in Burkina Faso &#8211; Stand, Konsequenzen, Ans\u00e4tze und Perspektiven<\/a><\/li><li class=\"listing-item\"><a class=\"title\" href=\"https:\/\/thomas-ott.net\/home\/?p=18328\">Fl\u00e4chennutzungswandel im Transformationsproze\u00df von der &#8217;sozialistischen&#8216; zur &#8218;kapitalistischen&#8216; Stadt am Beispiel Erfurts<\/a><\/li><li class=\"listing-item\"><a class=\"title\" href=\"https:\/\/thomas-ott.net\/home\/?p=17726\">Geokodierung Codex Laureshamensis<\/a><\/li><li class=\"listing-item\"><a class=\"title\" href=\"https:\/\/thomas-ott.net\/home\/?p=19751\">Informationssysteme f\u00fcr \u00d6ko-Industrie-Cluster &#8211; Fallstudie Industriegebiet M\u00f6dling<\/a><\/li><li class=\"listing-item\"><a class=\"title\" href=\"https:\/\/thomas-ott.net\/home\/?p=17570\">Mannheimer Metropolen Monitor<\/a><\/li><li class=\"listing-item\"><a class=\"title\" href=\"https:\/\/thomas-ott.net\/home\/?p=19293\">Nachhaltigkeitsorientierte Stoffstrommanagementsysteme &#8211; Ans\u00e4tze zur systemad\u00e4quaten Ausgestaltung einer industriellen Stoffstromwirtschaft zwischen innerbetrieblichem Soffstromcontrolling und \u00fcberregionalem Handlungsrahmen<\/a><\/li><li class=\"listing-item\"><a class=\"title\" href=\"https:\/\/thomas-ott.net\/home\/?p=19249\">Regionale Disparit\u00e4ten in der Europ\u00e4ischen Union<\/a><\/li><li class=\"listing-item\"><a class=\"title\" href=\"https:\/\/thomas-ott.net\/home\/?p=18298\">Vancouver und Seattle: Eine vergleichende Analyse stadtgeographischer Strukturen und Prozesse<\/a><\/li><li class=\"listing-item\"><a class=\"title\" href=\"https:\/\/thomas-ott.net\/home\/?p=17716\">Wanderungsmotivanalyse Mannheim<\/a><\/li><li class=\"listing-item\"><a class=\"title\" href=\"https:\/\/thomas-ott.net\/home\/?p=19255\">Wohnbaufl\u00e4chenpotential Heidelberg-Mannheim<\/a><\/li><li class=\"listing-item\"><a class=\"title\" href=\"https:\/\/thomas-ott.net\/home\/?p=19251\">Zeit in Geographischen Informationssystemen<\/a><\/li><\/ul>\n<h3>IT und GIS Projekte<\/h3>\n<ul class=\"display-posts-listing\"><li class=\"listing-item\"><a class=\"title\" href=\"https:\/\/thomas-ott.net\/home\/?p=188\">Aufbau eines nachhaltigkeitsorientierten Stoffstrommanagements in der Industrieregion Rhein-Neckar<\/a><\/li><li class=\"listing-item\"><a class=\"title\" href=\"https:\/\/thomas-ott.net\/home\/?p=194\">Bibliotheksdatenbank Kinsmen Rehabilitation Foundation<\/a><\/li><li class=\"listing-item\"><a class=\"title\" href=\"https:\/\/thomas-ott.net\/home\/?p=430\">Cities from Space<\/a><\/li><li class=\"listing-item\"><a class=\"title\" href=\"https:\/\/thomas-ott.net\/home\/?p=17720\">DeCiDe &#8211; Demographic Challenges in Development<\/a><\/li><li class=\"listing-item\"><a class=\"title\" href=\"https:\/\/thomas-ott.net\/home\/?p=17737\">Einzugspotentialanalyse \u201eParkstadt am Rhein\u201c<\/a><\/li><li class=\"listing-item\"><a class=\"title\" href=\"https:\/\/thomas-ott.net\/home\/?p=19253\">Frachtbriefgenerator<\/a><\/li><li class=\"listing-item\"><a class=\"title\" href=\"https:\/\/thomas-ott.net\/home\/?p=19257\">Geocodierung von Postfachpostleitzahlen<\/a><\/li><li class=\"listing-item\"><a class=\"title\" href=\"https:\/\/thomas-ott.net\/home\/?p=178\">Geographisches Informationssystem zur Deponie Flotzgr\u00fcn<\/a><\/li><li class=\"listing-item\"><a class=\"title\" href=\"https:\/\/thomas-ott.net\/home\/?p=17726\">Geokodierung Codex Laureshamensis<\/a><\/li><li class=\"listing-item\"><a class=\"title\" href=\"https:\/\/thomas-ott.net\/home\/?p=19737\">IUWA Abfallmanager<\/a><\/li><li class=\"listing-item\"><a class=\"title\" href=\"https:\/\/thomas-ott.net\/home\/?p=17739\">Medienanalysedatenbank<\/a><\/li><li class=\"listing-item\"><a class=\"title\" href=\"https:\/\/thomas-ott.net\/home\/?p=19732\">Multilingualer Abfallkatalog<\/a><\/li><li class=\"listing-item\"><a class=\"title\" href=\"https:\/\/thomas-ott.net\/home\/?p=19293\">Nachhaltigkeitsorientierte Stoffstrommanagementsysteme &#8211; Ans\u00e4tze zur systemad\u00e4quaten Ausgestaltung einer industriellen Stoffstromwirtschaft zwischen innerbetrieblichem Soffstromcontrolling und \u00fcberregionalem Handlungsrahmen<\/a><\/li><li class=\"listing-item\"><a class=\"title\" href=\"https:\/\/thomas-ott.net\/home\/?p=17734\">Online Sendungsverfolgung<\/a><\/li><li class=\"listing-item\"><a class=\"title\" href=\"https:\/\/thomas-ott.net\/home\/?p=165\">Satellitenbildmosaik Nachbarschaftsverband Heidelberg-Mannheim<\/a><\/li><li class=\"listing-item\"><a class=\"title\" href=\"https:\/\/thomas-ott.net\/home\/?p=19707\">Softwarepaket zur Auswertung von Verkehrsz\u00e4hlungen<\/a><\/li><li class=\"listing-item\"><a class=\"title\" href=\"https:\/\/thomas-ott.net\/home\/?p=19721\">Surface<\/a><\/li><li class=\"listing-item\"><a class=\"title\" href=\"https:\/\/thomas-ott.net\/home\/?p=19255\">Wohnbaufl\u00e4chenpotential Heidelberg-Mannheim<\/a><\/li><li class=\"listing-item\"><a class=\"title\" href=\"https:\/\/thomas-ott.net\/home\/?p=19725\">Worldmap<\/a><\/li><\/ul>\n<h3>Kartographische Projekte<\/h3>\n<ul class=\"display-posts-listing\"><li class=\"listing-item\"><a class=\"title\" href=\"https:\/\/thomas-ott.net\/home\/?p=17726\">Geokodierung Codex Laureshamensis<\/a><\/li><li class=\"listing-item\"><a class=\"title\" href=\"https:\/\/thomas-ott.net\/home\/?p=199\">Karte des Bundestagswahlkreises Heidelberg-Weinheim<\/a><\/li><li class=\"listing-item\"><a class=\"title\" href=\"https:\/\/thomas-ott.net\/home\/?p=17709\">Kultur-Radtouren Rhein-Neckar<\/a><\/li><li class=\"listing-item\"><a class=\"title\" href=\"https:\/\/thomas-ott.net\/home\/?p=17731\">Liniennetzplan Stadtwerke Weinheim<\/a><\/li><li class=\"listing-item\"><a class=\"title\" href=\"https:\/\/thomas-ott.net\/home\/?p=19714\">Nationalatlas Bundesrepublik Deutschland<\/a><\/li><li class=\"listing-item\"><a class=\"title\" href=\"https:\/\/thomas-ott.net\/home\/?p=19700\">Radwanderf\u00fchrer Kuseler Musikantenland<\/a><\/li><li class=\"listing-item\"><a class=\"title\" href=\"https:\/\/thomas-ott.net\/home\/?p=19704\">Sanfter Tourismus in Weinheim<\/a><\/li><\/ul>\n","protected":false},"excerpt":{"rendered":"<p>Wissenschaftliche Projekte IT und GIS Projekte Kartographische Projekte<\/p>\n","protected":false},"author":1,"featured_media":0,"parent":0,"menu_order":0,"comment_status":"open","ping_status":"open","template":"","meta":{"_acf_changed":false,"footnotes":""},"class_list":["post-6","page","type-page","status-publish","hentry"],"acf":[],"yoast_head":"<!-- This site is optimized with the Yoast SEO plugin v27.1.1 - https:\/\/yoast.com\/product\/yoast-seo-wordpress\/ -->\n<title>Projekte | The Secret Life of Thomas Ott<\/title>\n<meta name=\"robots\" content=\"index, follow, max-snippet:-1, max-image-preview:large, max-video-preview:-1\" \/>\n<link rel=\"canonical\" href=\"https:\/\/thomas-ott.net\/home\/?page_id=6\" \/>\n<meta property=\"og:locale\" content=\"de_DE\" \/>\n<meta property=\"og:type\" content=\"article\" \/>\n<meta property=\"og:title\" content=\"Projekte | The Secret Life of Thomas Ott\" \/>\n<meta property=\"og:description\" content=\"Wissenschaftliche Projekte IT und GIS Projekte Kartographische Projekte\" \/>\n<meta property=\"og:url\" content=\"https:\/\/thomas-ott.net\/home\/?page_id=6\" \/>\n<meta property=\"og:site_name\" content=\"The Secret Life of Thomas Ott\" \/>\n<meta property=\"article:publisher\" content=\"https:\/\/www.facebook.com\/oagis\" \/>\n<meta property=\"article:modified_time\" content=\"2019-05-22T13:09:20+00:00\" \/>\n<meta name=\"twitter:card\" content=\"summary_large_image\" \/>\n<meta name=\"twitter:site\" content=\"@oagis\" \/>\n<script type=\"application\/ld+json\" class=\"yoast-schema-graph\">{\"@context\":\"https:\/\/schema.org\",\"@graph\":[{\"@type\":\"WebPage\",\"@id\":\"https:\/\/thomas-ott.net\/home\/?page_id=6\",\"url\":\"https:\/\/thomas-ott.net\/home\/?page_id=6\",\"name\":\"Projekte | The Secret Life of Thomas Ott\",\"isPartOf\":{\"@id\":\"https:\/\/thomas-ott.net\/home\/#website\"},\"datePublished\":\"2010-06-09T14:17:38+00:00\",\"dateModified\":\"2019-05-22T13:09:20+00:00\",\"breadcrumb\":{\"@id\":\"https:\/\/thomas-ott.net\/home\/?page_id=6#breadcrumb\"},\"inLanguage\":\"de\",\"potentialAction\":[{\"@type\":\"ReadAction\",\"target\":[\"https:\/\/thomas-ott.net\/home\/?page_id=6\"]}]},{\"@type\":\"BreadcrumbList\",\"@id\":\"https:\/\/thomas-ott.net\/home\/?page_id=6#breadcrumb\",\"itemListElement\":[{\"@type\":\"ListItem\",\"position\":1,\"name\":\"Startseite\",\"item\":\"https:\/\/thomas-ott.net\/home\/\"},{\"@type\":\"ListItem\",\"position\":2,\"name\":\"Projekte\"}]},{\"@type\":\"WebSite\",\"@id\":\"https:\/\/thomas-ott.net\/home\/#website\",\"url\":\"https:\/\/thomas-ott.net\/home\/\",\"name\":\"The Secret Life of Thomas Ott\",\"description\":\"Website von Dr. Thomas Ott, Weinheim\",\"publisher\":{\"@id\":\"https:\/\/thomas-ott.net\/home\/#\/schema\/person\/0a142f0a3d76fa4af0513a832379747b\"},\"potentialAction\":[{\"@type\":\"SearchAction\",\"target\":{\"@type\":\"EntryPoint\",\"urlTemplate\":\"https:\/\/thomas-ott.net\/home\/?s={search_term_string}\"},\"query-input\":{\"@type\":\"PropertyValueSpecification\",\"valueRequired\":true,\"valueName\":\"search_term_string\"}}],\"inLanguage\":\"de\"},{\"@type\":[\"Person\",\"Organization\"],\"@id\":\"https:\/\/thomas-ott.net\/home\/#\/schema\/person\/0a142f0a3d76fa4af0513a832379747b\",\"name\":\"Thomas Ott\",\"image\":{\"@type\":\"ImageObject\",\"inLanguage\":\"de\",\"@id\":\"https:\/\/thomas-ott.net\/home\/#\/schema\/person\/image\/\",\"url\":\"https:\/\/secure.gravatar.com\/avatar\/984baf04fae50a93f41615cda6dee454fdc8be653bcfd6e45a10e9f54e05505b?s=96&d=mm&r=g\",\"contentUrl\":\"https:\/\/secure.gravatar.com\/avatar\/984baf04fae50a93f41615cda6dee454fdc8be653bcfd6e45a10e9f54e05505b?s=96&d=mm&r=g\",\"caption\":\"Thomas Ott\"},\"logo\":{\"@id\":\"https:\/\/thomas-ott.net\/home\/#\/schema\/person\/image\/\"},\"sameAs\":[\"https:\/\/www.facebook.com\/oagis\",\"https:\/\/www.instagram.com\/thomas_ott_66\/\",\"https:\/\/www.linkedin.com\/in\/oagis\/\",\"https:\/\/x.com\/oagis\"]}]}<\/script>\n<!-- \/ Yoast SEO plugin. -->","yoast_head_json":{"title":"Projekte | The Secret Life of Thomas Ott","robots":{"index":"index","follow":"follow","max-snippet":"max-snippet:-1","max-image-preview":"max-image-preview:large","max-video-preview":"max-video-preview:-1"},"canonical":"https:\/\/thomas-ott.net\/home\/?page_id=6","og_locale":"de_DE","og_type":"article","og_title":"Projekte | The Secret Life of Thomas Ott","og_description":"Wissenschaftliche Projekte IT und GIS Projekte Kartographische Projekte","og_url":"https:\/\/thomas-ott.net\/home\/?page_id=6","og_site_name":"The Secret Life of Thomas Ott","article_publisher":"https:\/\/www.facebook.com\/oagis","article_modified_time":"2019-05-22T13:09:20+00:00","twitter_card":"summary_large_image","twitter_site":"@oagis","schema":{"@context":"https:\/\/schema.org","@graph":[{"@type":"WebPage","@id":"https:\/\/thomas-ott.net\/home\/?page_id=6","url":"https:\/\/thomas-ott.net\/home\/?page_id=6","name":"Projekte | The Secret Life of Thomas Ott","isPartOf":{"@id":"https:\/\/thomas-ott.net\/home\/#website"},"datePublished":"2010-06-09T14:17:38+00:00","dateModified":"2019-05-22T13:09:20+00:00","breadcrumb":{"@id":"https:\/\/thomas-ott.net\/home\/?page_id=6#breadcrumb"},"inLanguage":"de","potentialAction":[{"@type":"ReadAction","target":["https:\/\/thomas-ott.net\/home\/?page_id=6"]}]},{"@type":"BreadcrumbList","@id":"https:\/\/thomas-ott.net\/home\/?page_id=6#breadcrumb","itemListElement":[{"@type":"ListItem","position":1,"name":"Startseite","item":"https:\/\/thomas-ott.net\/home\/"},{"@type":"ListItem","position":2,"name":"Projekte"}]},{"@type":"WebSite","@id":"https:\/\/thomas-ott.net\/home\/#website","url":"https:\/\/thomas-ott.net\/home\/","name":"The Secret Life of Thomas Ott","description":"Website von Dr. Thomas Ott, Weinheim","publisher":{"@id":"https:\/\/thomas-ott.net\/home\/#\/schema\/person\/0a142f0a3d76fa4af0513a832379747b"},"potentialAction":[{"@type":"SearchAction","target":{"@type":"EntryPoint","urlTemplate":"https:\/\/thomas-ott.net\/home\/?s={search_term_string}"},"query-input":{"@type":"PropertyValueSpecification","valueRequired":true,"valueName":"search_term_string"}}],"inLanguage":"de"},{"@type":["Person","Organization"],"@id":"https:\/\/thomas-ott.net\/home\/#\/schema\/person\/0a142f0a3d76fa4af0513a832379747b","name":"Thomas Ott","image":{"@type":"ImageObject","inLanguage":"de","@id":"https:\/\/thomas-ott.net\/home\/#\/schema\/person\/image\/","url":"https:\/\/secure.gravatar.com\/avatar\/984baf04fae50a93f41615cda6dee454fdc8be653bcfd6e45a10e9f54e05505b?s=96&d=mm&r=g","contentUrl":"https:\/\/secure.gravatar.com\/avatar\/984baf04fae50a93f41615cda6dee454fdc8be653bcfd6e45a10e9f54e05505b?s=96&d=mm&r=g","caption":"Thomas Ott"},"logo":{"@id":"https:\/\/thomas-ott.net\/home\/#\/schema\/person\/image\/"},"sameAs":["https:\/\/www.facebook.com\/oagis","https:\/\/www.instagram.com\/thomas_ott_66\/","https:\/\/www.linkedin.com\/in\/oagis\/","https:\/\/x.com\/oagis"]}]}},"_links":{"self":[{"href":"https:\/\/thomas-ott.net\/home\/index.php?rest_route=\/wp\/v2\/pages\/6","targetHints":{"allow":["GET"]}}],"collection":[{"href":"https:\/\/thomas-ott.net\/home\/index.php?rest_route=\/wp\/v2\/pages"}],"about":[{"href":"https:\/\/thomas-ott.net\/home\/index.php?rest_route=\/wp\/v2\/types\/page"}],"author":[{"embeddable":true,"href":"https:\/\/thomas-ott.net\/home\/index.php?rest_route=\/wp\/v2\/users\/1"}],"replies":[{"embeddable":true,"href":"https:\/\/thomas-ott.net\/home\/index.php?rest_route=%2Fwp%2Fv2%2Fcomments&post=6"}],"version-history":[{"count":47,"href":"https:\/\/thomas-ott.net\/home\/index.php?rest_route=\/wp\/v2\/pages\/6\/revisions"}],"predecessor-version":[{"id":19243,"href":"https:\/\/thomas-ott.net\/home\/index.php?rest_route=\/wp\/v2\/pages\/6\/revisions\/19243"}],"wp:attachment":[{"href":"https:\/\/thomas-ott.net\/home\/index.php?rest_route=%2Fwp%2Fv2%2Fmedia&parent=6"}],"curies":[{"name":"wp","href":"https:\/\/api.w.org\/{rel}","templated":true}]}}