{"id":18369,"date":"2018-11-16T14:22:08","date_gmt":"2018-11-16T13:22:08","guid":{"rendered":"https:\/\/thomas-ott.net\/home\/?page_id=18369"},"modified":"2026-03-27T21:39:42","modified_gmt":"2026-03-27T20:39:42","slug":"vortraege","status":"publish","type":"page","link":"https:\/\/thomas-ott.net\/home\/?page_id=18369","title":{"rendered":"Vortr\u00e4ge"},"content":{"rendered":"<ul>\n<li><a href=\"https:\/\/thomas-ott.net\/home\/?p=20277\"><strong>Mit dem Fahrrad \u00fcber die Alpen<\/strong><\/a>\n<ul>\n<li>Volkshochschule Badische Bergstra\u00dfe,\u00a0 27. M\u00e4rz 2026, Weinheim<\/li>\n<\/ul>\n<\/li>\n<li class=\"entry-title\"><strong><a href=\"https:\/\/thomas-ott.net\/home\/?p=20264\">Von der Pfalzgrafschaft bei Rhein zur Metropolregion Rhein-Neckar \u2013 Gedanken zur politischen Geographie der Kurpfalz<\/a><\/strong>\n<ul>\n<li>Volkshochschule Badische Bergstra\u00dfe, Ringvorlesung &#8222;Kurpfalz&#8220;, 14. Mai 2025, Weinheim<\/li>\n<\/ul>\n<\/li>\n<li class=\"entry-title\"><strong><a href=\"https:\/\/thomas-ott.net\/home\/?p=20028\">Die Grenzen Europas<\/a><\/strong>\n<ul>\n<li>Volkshochschule Badische Bergstra\u00dfe, Initiative &#8222;DochEuropa!&#8220;, 25. Januar 2024, Weinheim<\/li>\n<\/ul>\n<\/li>\n<li><strong><a href=\"https:\/\/thomas-ott.net\/home\/?p=18991\">Das \u201eEuropa der Regionen\u201c: Entwicklungsunterschiede \u2013 Potentiale \u2013 Perspektiven<\/a><\/strong>\n<ul>\n<li>Volkshochschule Weinheim, Initiative &#8222;DochEuropa!&#8220;, 19. Februar 2019, Weinheim<\/li>\n<\/ul>\n<\/li>\n<li>Vom Jakobsstab zu Google Streetview &#8211; Navigation und Kartographie im Wandel\n<ul>\n<li>Kolpingfamilie Weinheim, 4. April 2011, Weinheim<\/li>\n<\/ul>\n<\/li>\n<li>Ein Kontinent, zwei Gesellschaften: Kanada und die USA im Vergleich\n<ul>\n<li>Ringvorlesung &#8222;E pluribus plura: Kanada, das andere Amerika&#8220;, Universit\u00e4t Wien, 15. Dezember 2007, Wien<\/li>\n<\/ul>\n<\/li>\n<li>IUWA Abfallmanager &amp; IUWA Abfallanalyser &#8211; praxisnah entwickelte Abfallmanagementsoftware f\u00fcr Industriebetriebe\n<ul>\n<li>Nachhaltigkeitsorientiertes Stoffstrommanagement f\u00fcr kleinere und mittelst\u00e4ndische Unternehmen, Universit\u00e4t Heidelberg, 8. Dezember 2006<\/li>\n<\/ul>\n<\/li>\n<li>IT Tools for Sustainability-Oriented Waste Management in Industry\n<ul>\n<li>1st Banwol-Sihwa Invitational Symposium on EIP (BASIS), 6. November 2006, Gyeonggi Technopark, Ansan, Korea<\/li>\n<li>KITECH Workshop, 2.\/3. November 2006, Siheung City, Korea<\/li>\n<\/ul>\n<\/li>\n<li>A Software Toolbox for Sustainable Waste Management\n<ul>\n<li>Sustainability Oriented Management on the Local\/Regional Scale. Regional Circular Economy Development &#8211; A Sino-German Joint Research Initiative, 9. bis 11. M\u00e4rz 2006, Heidelberg<\/li>\n<\/ul>\n<\/li>\n<li>Vancouver und Seattle &#8211; aktuelle Stadtentwicklungstendenzen in Kanada und den USA\n<ul>\n<li>Innsbrucker Geographische Gesellschaft, 8. November 2005, Innsbruck<\/li>\n<\/ul>\n<\/li>\n<li>Industrielles Stoffstrommangement im regionalen Kontext: Akteure, Netzwerke und Software-Instrumente\n<ul>\n<li>Leipziger Geographisches Kolloquium, 19. April 2005, Leipzig<\/li>\n<\/ul>\n<\/li>\n<li>&#8222;Cascadia&#8220;: Zukunftswerksatt oder verlorenes Paradies\n<ul>\n<li>Fr\u00e4nkische Geographische Gesellschaft, 18. April 2005, Erlangen<\/li>\n<\/ul>\n<\/li>\n<li>&#8222;Cascadia&#8220;: Das Spannungsverh\u00e4ltnis von Naturschutz und \u00f6konomischem Wachstum im Westen Nordamerikas\n<ul>\n<li>Verein f\u00fcr Naturkunde e.V., 25. Januar 2005, Mannheim<\/li>\n<\/ul>\n<\/li>\n<li>Der IUWA Abfallanalyser\n<ul>\n<li>Arbeitskreis Stoffstrommanagement, Zwischenveranstaltung im Rahmen des Forschungsprojektes &#8222;Nachhaltigkeitsorientierte Stoffstrommanagementsysteme&#8220;, 3. Dezember 2004, Heidelberg<\/li>\n<\/ul>\n<\/li>\n<li>Regional Industrial Waste and Materials Flow Management: Actors, Instruments, Experiences\n<ul>\n<li>30th Congress of the International Geographical Union), 15. bis 20. August 2004, Glasgow<\/li>\n<\/ul>\n<\/li>\n<li>Fostering Industrial Metabolism in a Regional Context &#8211; An Actor-Oriented Approach (gemeinsam mit Thomas Sterr)\n<ul>\n<li>Environmental Economic Geography: State of the Art and Prospects, 25. bis 28. Mai 2004, K\u00f6ln<\/li>\n<\/ul>\n<\/li>\n<li>Die Osterweiterung der Europ\u00e4ischen Union aus regionaler Perspektive\n<ul>\n<li>Geographische Gesellschaft W\u00fcrzburg, 3. Mai 2004<\/li>\n<li>Geographische Gesellschaft Hannover, 10. Mai 2004<\/li>\n<\/ul>\n<\/li>\n<li>Von multivariaten Daten zum komplexen Kartenmodell am Beispiel der Karten des Nationalatlas Bundesrepublik Deutschland\n<ul>\n<li>FH Karlsruhe, 29. M\u00e4rz 2004<\/li>\n<\/ul>\n<\/li>\n<li>Sustainability-oriented Waste Management in a Regional Context: The Rhine-Neckar Experience\n<ul>\n<li>The 100th Annual Meeting, Association of American Geographers, 14.-19. M\u00e4rz 2004, Philadelphia<\/li>\n<\/ul>\n<\/li>\n<li>The City in Disguise: Vancouver as a stand-in for Seattle in Hollywood movies\n<ul>\n<li>Urban Cultures and Identities \/ Cultures et Identit\u00e9s Urbaines (IGU Commission 30: The cultural approach in Geography), 17. bis 20. Februar 2004, K\u00f6ln<\/li>\n<li>2007 Annual Meeting,\u00a0Association of American Geographers, 17.-21. April 2007, San Francisco<\/li>\n<\/ul>\n<\/li>\n<li>Die nordamerikanische Stadt im Film: konzeptionelle \u00dcberlegungen zu einem Forschungs-\/Buchprojekt\n<ul>\n<li>Neue Kulturgeographie in Deutschland: Themen, Methoden, Perspektiven, 29.-31. Januar 2004, Leibniz-Institut f\u00fcr L\u00e4nderkunde, Leipzig<\/li>\n<\/ul>\n<\/li>\n<li>Vancouver und Seattle: Stadtentwicklung beiderseits des 49. Breitengrades\n<ul>\n<li>Themenabend &#8222;Vancouver&#8220;, Institut f\u00fcr Geographie, Universit\u00e4t Jena, 13. November 2003<\/li>\n<\/ul>\n<\/li>\n<li>The Industrial Region as a Promising Unit for Eco-industrial Development \u2013 reflections, practical experiences and the building of innovative instruments to support a closed loop economy (zusammen mit Thomas Sterr)\n<ul>\n<li>GIN2003: 11th International Conference of the Greening of Industry Network &#8222;Innovating for Sustainability&#8220;, 12.-15. Oktober 2003, San Francisco<\/li>\n<\/ul>\n<\/li>\n<li>Unternehmens\u00fcbergreifende Datenintegration als Schl\u00fcssel zum Aufbau eines regionalen Stoffstrommanagements\n<ul>\n<li>Fachsitzung des Arbeitskreises Geographische Informationssysteme der DGfG, 54. Deutscher Geographentag, 28. September &#8211; 4. Oktober 2003 in Bern<\/li>\n<\/ul>\n<\/li>\n<li>Wozu brauchen wir Satelliten?\n<ul>\n<li>Kinder-Uni Mannheim, 23. Juli 2003, Mannheim<\/li>\n<\/ul>\n<\/li>\n<li>Transpazifische Kapital- und Migrationsstr\u00f6me als Motoren der Stadtentwicklung von Vancouver\n<ul>\n<li>Tagung &#8222;Perspektiven der kulturgeographischen Stadtforschung: Migration, Ethnizit\u00e4t und soziale R\u00e4ume&#8220;, 27. Juni 2003, Hamburg<\/li>\n<\/ul>\n<\/li>\n<li>Future City U.S.A. &#8211; Urbane Visionen im amerikanischen Mainstream-Kino\n<ul>\n<li>Jahrestreffen des AK Nordamerika, 23.\/24. Mai 2003, K\u00f6ln<\/li>\n<\/ul>\n<\/li>\n<li>The &#8218;AGUM Abfallmanager&#8216; as a software instrument for the establishment of a regional industrial substance flow management in the Rhine-Neckar Region\n<ul>\n<li>Regional Cycles: Regional Economy towards Sustainability, 31. Oktober &#8211; 2. November 2002, Leipzig<\/li>\n<\/ul>\n<\/li>\n<li>Bev\u00f6lkerungsentwicklung in Europa\n<ul>\n<li>Statistische Woche, Verband Deutscher St\u00e4dtestatistiker, Konstanz, 7.-10. Oktober 2002, Konstanz<\/li>\n<\/ul>\n<\/li>\n<li>Entwicklungsperspektiven f\u00fcr den AGUM Abfallmanager\n<ul>\n<li>Kick-Off-Meeting &#8222;Regionale Stoffstrommanagementsysteme&#8220;, Heidelberg, 6. September 2002<\/li>\n<\/ul>\n<\/li>\n<li>A Europe of Regions: Disparities &#8211; Potentials &#8211; Perspectives\n<ul>\n<li>MIBP Seminar, Universit\u00e4t Mannheim, 21. August 2002, Mannheim<\/li>\n<li>MIBP PECO Seminar, Budapest University of Economic Sciences and Public Administration (seit 2004: Corvinus-Universit\u00e4t Budapest), 2. September 2002, Budapest<\/li>\n<\/ul>\n<\/li>\n<li>Instruments for the promotion of a sustainability oriented management of waste by inter-industrial coordination within an industrial region\n<ul>\n<li>From Industry to Advances Services &#8211; Perspectives of European Metropolitan Regions, Congress of the European Regional Science Association (ERSA 2002), 27.-31. August 2002, Dortmund<\/li>\n<\/ul>\n<\/li>\n<li>Konvergenz und Divergenz der Stadtentwicklung beiderseits des 49. Breitengrades im Zeitalter der Globalisierung\n<ul>\n<li>Fachsitzung 1 (Living the global city: Aktuelle Restrukturierungsprozesse nordamerikanischer St\u00e4dte), 52. Deutscher Geographentages, 2.-9. Oktober 1999 in Hamburg<\/li>\n<li>Kolloquium, Geographisches Institut, Universit\u00e4t Heidelberg, 9. Juli 2002<\/li>\n<\/ul>\n<\/li>\n<li>Der Regionalatlas Rhein-Neckar als Online-Informationsportal\n<ul>\n<li>Der Rhein-Neckar-Raum an der Schwelle zum 21. Jahrhundert &#8211; Innerregionale Kooperation als Standortvorteil, Mannheim, 6. Juni 2002<\/li>\n<\/ul>\n<\/li>\n<li>Convergence and Divergence of Urban Development in North America in the age of globalization\n<ul>\n<li>The 98th Annual Meeting, Association of American Geographers, 19.-23. M\u00e4rz 2002, Los Angeles<\/li>\n<\/ul>\n<\/li>\n<li>Norwegen und Europa. Eine regionale Analyse des EU-Referendums vom November 1994\n<ul>\n<li>Geographisches Institut der Universit\u00e4t Mannheim, 21. November 1995<\/li>\n<li>Geographische Gesellschaft Essen, 21. Februar 2002<\/li>\n<\/ul>\n<\/li>\n<li>Are Canadian Cities becoming more American? Evidence from the West\n<ul>\n<li>Jahrestagung der Gesellschaft f\u00fcr Kanada-Studien, 15.-17. Februar 2002, Grainau<\/li>\n<\/ul>\n<\/li>\n<li>Der AGUM-Abfallmanager\n<ul>\n<li>Abschlussveranstaltung BMBF-Projekt &#8222;Regionales Stoffstrommanagement Rhein-Neckar&#8220;, 4. Dezember 2001, Heidelberg<\/li>\n<\/ul>\n<\/li>\n<li>Aufbau eines nachhaltigkeitsorientierten Stoffstrommanagements im Rhein-Neckar-Raum\n<ul>\n<li>Brown-Bag Seminar der Fakult\u00e4t f\u00fcr Volkswirtschaftslehre \/ Kolloquium des Geographischen Instituts der Universit\u00e4t Mannheim, 28. Juni 2001<\/li>\n<\/ul>\n<\/li>\n<li>Geographie und Internet: eine virtualisierte Welt\n<ul>\n<li>Marburger Geographische Gesellschaft, 24. April 2001<\/li>\n<\/ul>\n<\/li>\n<li>Neure Perspektiven zum Thema Migration \u2013 Integration \u2013 Minderheiten im Spiegel von Internetquellen (zusammen mit Frank Swiaczny)\n<ul>\n<li>Herbsttagung des Arbeitskreises Migration \u2013 Integration \u2013 Minderheiten der Deutschen Gesellschaft f\u00fcr Bev\u00f6lkerungswissenschaft, 27.\/28. Oktober 2000, Mannheim<\/li>\n<\/ul>\n<\/li>\n<li>GIS-basierte Optimierung zwischenbetrieblicher Stoffstr\u00f6me im Rhein-Neckar-Raum\n<ul>\n<li>14. Internationales Symposium &#8222;Informatik f\u00fcr den Umweltschutz&#8220; der Gesellschaft f\u00fcr Informatik, 4.-6. Oktober 2000, Bonn<\/li>\n<\/ul>\n<\/li>\n<li>Vancouver und Seattle &#8211; Modelle der urbanen Weltgesellschaft?\n<ul>\n<li>Dies academicus der Universit\u00e4t Mannheim, 31. Mai 2000, Mannheim<\/li>\n<\/ul>\n<\/li>\n<li>Gestaltung und Vernetzung EDV-technischer Systembausteine f\u00fcr den zwischenbetrieblichen Datentransfer\n<ul>\n<li>Tagung &#8222;Regionale Stoffstrommanagementnetzwerke&#8220;, 25. Februar 2000 in Heidelberg<\/li>\n<li>IUWA Heidelberg, 4. Mai 2000<\/li>\n<li>Workshop der Arbeitsgruppe Stoffstrommanagement im Rahmen der F\u00f6rderinitiative &#8222;Modellprojekte f\u00fcr nachhaltiges Wirtschaften&#8220; des bmb+f, 16.\/17. Mai 2000 in Hamburg<\/li>\n<\/ul>\n<\/li>\n<li>Convergence and divergence of urban development on both sides of the 49th parallel in the age of globalization\n<ul>\n<li>Symposium &#8222;Aspects of Interculturality \u2013 Canada and the United States: A Comparison&#8220;, 12.-14. April 2000, Universit\u00e4t Wien<\/li>\n<\/ul>\n<\/li>\n<li>Modellierung raumzeitlicher Prozesse in Geographischen Informationssystemen (zusammen mit Frank Swiaczny)\n<ul>\n<li>Tagung &#8222;Datenbanken und Geschichtswissenschaft&#8220;, 23.\/24. Februar 2000 in Trier<\/li>\n<li>Jahrestagung des AK GIS, 25.\/26. Februar 2000 in T\u00fcbingen<\/li>\n<\/ul>\n<\/li>\n<li>From concentration to deconcentration \u2013 Migration patterns in the post-socialist city\n<ul>\n<li>Gemeinsame Tagung des AK Bev\u00f6lkerungsgeographie der Deutschen Gesellschaft f\u00fcr Geographie und der Population Geography Study Group der Royal Geographical Society with the Institute of British Geographers, 8.-10. Mai 1998, Mannheim<\/li>\n<li>Department of Geography, University of British Columbia, September 8th 1999, Vancouver, B.C.<\/li>\n<\/ul>\n<\/li>\n<li>Angleichung, nachholende Modernisierung oder eigener Weg? Beitr\u00e4ge der Modernisierungstheorie zur Transformationsforschung\n<ul>\n<li>Tagung &#8222;Transformationsforschung \u2013 Stand und Perspektiven&#8220;, 3.-5. Dezember 1998 am Institut f\u00fcr L\u00e4nderkunde in Leipzig<\/li>\n<\/ul>\n<\/li>\n<li>Vancouver und Seattle: Werkstattbericht eines vergleichenden stadtgeographischen Forschungprojektes\n<ul>\n<li>Tagung des Arbeitskreis USA der DGfG, 27.\/28. November 1998 in L\u00fcneburg<\/li>\n<\/ul>\n<\/li>\n<li>Von der &#8222;sozialistischen&#8220; zur &#8222;kapitalistischen&#8220; Stadt: Das Beispiel Erfurt \/ Erfurt \u2013 Von der &#8222;sozialistischen&#8220; zur &#8222;kapitalistischen&#8220; Stadt\n<ul>\n<li>Vortragsreihe der Erfurter Universit\u00e4tsgesellschaft, 28. November 1995, Haus Dacher\u00f6den, Erfurt<\/li>\n<li>Geographische Gesellschaft Essen, 20. M\u00e4rz 1997<\/li>\n<li>Geographisches Kolloquium des Geographischen Instituts der Universit\u00e4t Kiel, 6. Mai 1997<\/li>\n<li>Geographisches Institut, Universit\u00e4t Mannheim, 13. Mai 1997<\/li>\n<li>Geographisches Institut, Universit\u00e4t L\u00fcneburg, 10. November 1998<\/li>\n<\/ul>\n<\/li>\n<li>Das Europa der Regionen. Disparit\u00e4ten \u2013 Potentiale \u2013 Perspektiven\n<ul>\n<li>AIESEC Europa-Tage, 16. Juni 1998, Mannheim<\/li>\n<\/ul>\n<\/li>\n<li>Einf\u00fchrende Bemerkungen zu GIS. Grundprinzipien, aktuelle Probleme, zuk\u00fcnftige Entwicklungen\n<ul>\n<li>Softstat \u00b497, 3.-6. M\u00e4rz 1997, Heidelberg<\/li>\n<\/ul>\n<\/li>\n<li>Von Toronto nach Vancouver. Eine (stadt-) geographische Reise durch Kanada\n<ul>\n<li>Landesverband Th\u00fcringen des Verbandes Deutscher Schulgeographen, 21. Mai 1996 in Erfurt<\/li>\n<\/ul>\n<\/li>\n<li>Regional\u00f6konomische Aspekte der Universit\u00e4t Erfurt\n<ul>\n<li>Gesellschaft zur F\u00f6rderung der Universit\u00e4t Erfurt e.V., 9. Mai 1996 in Erfurt<\/li>\n<\/ul>\n<\/li>\n<li>Dimensionen der Suburbanisierung im Raum Erfurt\n<ul>\n<li>Erste Th\u00fcringer Regionalplanertagung, 16.\/17. November 1995 in Bad Blankenburg<\/li>\n<\/ul>\n<\/li>\n<li>Auswertung und Analyse von Mental Maps mit Hilfe eines Geographischen Informationssystems\n<ul>\n<li>Sitzung des AK-GIS des Verbandes der Geographen an deutschen Hochschulen, 15. Dezember 1995 in N\u00fcrnberg<\/li>\n<\/ul>\n<\/li>\n<li>Fl\u00e4chennutzungwandel im Transformationsproze\u00df am Beispiel von Stadt und Region Erfurt\n<ul>\n<li>Workshop &#8222;Die lokale und regionale Dimension des politischen und sozialen Wandels in den f\u00fcnf neuen L\u00e4ndern der Bundesrepublik Deutschland, in Tschechien und in Polen&#8220;, 18.-22. September 1995 in Krummau, Tschechien<\/li>\n<\/ul>\n<\/li>\n<li>GIS-Einsatz im Rahmen des Projektes &#8222;Fl\u00e4chennutzungswandel im Transformationsprozess von der &#8217;sozialistischen&#8216; zur &#8218;kapitalistischen&#8216; Stadt am Beispiel von Erfurt&#8220;\n<ul>\n<li>Sitzung des AK-GIS des Verbandes der Geographen an deutschen Hochschulen am 3.\/4. M\u00e4rz 1994 in Karlsruhe<\/li>\n<\/ul>\n<\/li>\n<li>Geographische Informationssysteme in den Sozialwissenschaften: Regionale Disparit\u00e4ten und St\u00e4dtesystem in Europa\n<ul>\n<li>Kolloquium ZUMA, 24. Februar 1993, Mannheim<\/li>\n<li>Softstat \u00b493, 14.-18. M\u00e4rz 1993, Heidelberg<\/li>\n<\/ul>\n<\/li>\n<li>Vancouver: Stadtgeographische Beobachtungen\n<ul>\n<li>Deutsch-Kanadische Gesellschaft e.V. Landesgruppe Kurpfalz, 9. Dezember 1992, Mannheim<\/li>\n<\/ul>\n<\/li>\n<\/ul>\n","protected":false},"excerpt":{"rendered":"<p>Mit dem Fahrrad \u00fcber die Alpen Volkshochschule Badische Bergstra\u00dfe,\u00a0 27. M\u00e4rz 2026, Weinheim Von der Pfalzgrafschaft bei Rhein zur Metropolregion Rhein-Neckar \u2013 Gedanken zur politischen Geographie der Kurpfalz Volkshochschule Badische Bergstra\u00dfe, Ringvorlesung &#8222;Kurpfalz&#8220;, 14. Mai 2025, Weinheim Die Grenzen Europas Volkshochschule Badische Bergstra\u00dfe, Initiative &#8222;DochEuropa!&#8220;, 25. Januar 2024, Weinheim Das \u201eEuropa der Regionen\u201c: Entwicklungsunterschiede \u2013&#8230;<\/p>\n","protected":false},"author":1,"featured_media":0,"parent":7,"menu_order":0,"comment_status":"closed","ping_status":"closed","template":"","meta":{"_acf_changed":false,"footnotes":""},"class_list":["post-18369","page","type-page","status-publish","hentry"],"acf":[],"yoast_head":"<!-- This site is optimized with the Yoast SEO plugin v27.1.1 - https:\/\/yoast.com\/product\/yoast-seo-wordpress\/ -->\n<title>Vortr\u00e4ge | The Secret Life of Thomas Ott<\/title>\n<meta name=\"robots\" content=\"index, follow, max-snippet:-1, max-image-preview:large, max-video-preview:-1\" \/>\n<link rel=\"canonical\" href=\"https:\/\/thomas-ott.net\/home\/?page_id=18369\" \/>\n<meta property=\"og:locale\" content=\"de_DE\" \/>\n<meta property=\"og:type\" content=\"article\" \/>\n<meta property=\"og:title\" content=\"Vortr\u00e4ge | The Secret Life of Thomas Ott\" \/>\n<meta property=\"og:description\" content=\"Mit dem Fahrrad \u00fcber die Alpen Volkshochschule Badische Bergstra\u00dfe,\u00a0 27. M\u00e4rz 2026, Weinheim Von der Pfalzgrafschaft bei Rhein zur Metropolregion Rhein-Neckar \u2013 Gedanken zur politischen Geographie der Kurpfalz Volkshochschule Badische Bergstra\u00dfe, Ringvorlesung &#8222;Kurpfalz&#8220;, 14. Mai 2025, Weinheim Die Grenzen Europas Volkshochschule Badische Bergstra\u00dfe, Initiative &#8222;DochEuropa!&#8220;, 25. Januar 2024, Weinheim Das \u201eEuropa der Regionen\u201c: Entwicklungsunterschiede \u2013...\" \/>\n<meta property=\"og:url\" content=\"https:\/\/thomas-ott.net\/home\/?page_id=18369\" \/>\n<meta property=\"og:site_name\" content=\"The Secret Life of Thomas Ott\" \/>\n<meta property=\"article:publisher\" content=\"https:\/\/www.facebook.com\/oagis\" \/>\n<meta property=\"article:modified_time\" content=\"2026-03-27T20:39:42+00:00\" \/>\n<meta name=\"twitter:card\" content=\"summary_large_image\" \/>\n<meta name=\"twitter:site\" content=\"@oagis\" \/>\n<meta name=\"twitter:label1\" content=\"Gesch\u00e4tzte Lesezeit\" \/>\n\t<meta name=\"twitter:data1\" content=\"9\u00a0Minuten\" \/>\n<script type=\"application\/ld+json\" class=\"yoast-schema-graph\">{\"@context\":\"https:\/\/schema.org\",\"@graph\":[{\"@type\":\"WebPage\",\"@id\":\"https:\/\/thomas-ott.net\/home\/?page_id=18369\",\"url\":\"https:\/\/thomas-ott.net\/home\/?page_id=18369\",\"name\":\"Vortr\u00e4ge | The Secret Life of Thomas Ott\",\"isPartOf\":{\"@id\":\"https:\/\/thomas-ott.net\/home\/#website\"},\"datePublished\":\"2018-11-16T13:22:08+00:00\",\"dateModified\":\"2026-03-27T20:39:42+00:00\",\"breadcrumb\":{\"@id\":\"https:\/\/thomas-ott.net\/home\/?page_id=18369#breadcrumb\"},\"inLanguage\":\"de\",\"potentialAction\":[{\"@type\":\"ReadAction\",\"target\":[\"https:\/\/thomas-ott.net\/home\/?page_id=18369\"]}]},{\"@type\":\"BreadcrumbList\",\"@id\":\"https:\/\/thomas-ott.net\/home\/?page_id=18369#breadcrumb\",\"itemListElement\":[{\"@type\":\"ListItem\",\"position\":1,\"name\":\"Startseite\",\"item\":\"https:\/\/thomas-ott.net\/home\/\"},{\"@type\":\"ListItem\",\"position\":2,\"name\":\"Publikationen\",\"item\":\"https:\/\/thomas-ott.net\/home\/?page_id=7\"},{\"@type\":\"ListItem\",\"position\":3,\"name\":\"Vortr\u00e4ge\"}]},{\"@type\":\"WebSite\",\"@id\":\"https:\/\/thomas-ott.net\/home\/#website\",\"url\":\"https:\/\/thomas-ott.net\/home\/\",\"name\":\"The Secret Life of Thomas Ott\",\"description\":\"Website von Dr. Thomas Ott, Weinheim\",\"publisher\":{\"@id\":\"https:\/\/thomas-ott.net\/home\/#\/schema\/person\/0a142f0a3d76fa4af0513a832379747b\"},\"potentialAction\":[{\"@type\":\"SearchAction\",\"target\":{\"@type\":\"EntryPoint\",\"urlTemplate\":\"https:\/\/thomas-ott.net\/home\/?s={search_term_string}\"},\"query-input\":{\"@type\":\"PropertyValueSpecification\",\"valueRequired\":true,\"valueName\":\"search_term_string\"}}],\"inLanguage\":\"de\"},{\"@type\":[\"Person\",\"Organization\"],\"@id\":\"https:\/\/thomas-ott.net\/home\/#\/schema\/person\/0a142f0a3d76fa4af0513a832379747b\",\"name\":\"Thomas Ott\",\"image\":{\"@type\":\"ImageObject\",\"inLanguage\":\"de\",\"@id\":\"https:\/\/thomas-ott.net\/home\/#\/schema\/person\/image\/\",\"url\":\"https:\/\/secure.gravatar.com\/avatar\/984baf04fae50a93f41615cda6dee454fdc8be653bcfd6e45a10e9f54e05505b?s=96&d=mm&r=g\",\"contentUrl\":\"https:\/\/secure.gravatar.com\/avatar\/984baf04fae50a93f41615cda6dee454fdc8be653bcfd6e45a10e9f54e05505b?s=96&d=mm&r=g\",\"caption\":\"Thomas Ott\"},\"logo\":{\"@id\":\"https:\/\/thomas-ott.net\/home\/#\/schema\/person\/image\/\"},\"sameAs\":[\"https:\/\/www.facebook.com\/oagis\",\"https:\/\/www.instagram.com\/thomas_ott_66\/\",\"https:\/\/www.linkedin.com\/in\/oagis\/\",\"https:\/\/x.com\/oagis\"]}]}<\/script>\n<!-- \/ Yoast SEO plugin. -->","yoast_head_json":{"title":"Vortr\u00e4ge | The Secret Life of Thomas Ott","robots":{"index":"index","follow":"follow","max-snippet":"max-snippet:-1","max-image-preview":"max-image-preview:large","max-video-preview":"max-video-preview:-1"},"canonical":"https:\/\/thomas-ott.net\/home\/?page_id=18369","og_locale":"de_DE","og_type":"article","og_title":"Vortr\u00e4ge | The Secret Life of Thomas Ott","og_description":"Mit dem Fahrrad \u00fcber die Alpen Volkshochschule Badische Bergstra\u00dfe,\u00a0 27. M\u00e4rz 2026, Weinheim Von der Pfalzgrafschaft bei Rhein zur Metropolregion Rhein-Neckar \u2013 Gedanken zur politischen Geographie der Kurpfalz Volkshochschule Badische Bergstra\u00dfe, Ringvorlesung &#8222;Kurpfalz&#8220;, 14. Mai 2025, Weinheim Die Grenzen Europas Volkshochschule Badische Bergstra\u00dfe, Initiative &#8222;DochEuropa!&#8220;, 25. Januar 2024, Weinheim Das \u201eEuropa der Regionen\u201c: Entwicklungsunterschiede \u2013...","og_url":"https:\/\/thomas-ott.net\/home\/?page_id=18369","og_site_name":"The Secret Life of Thomas Ott","article_publisher":"https:\/\/www.facebook.com\/oagis","article_modified_time":"2026-03-27T20:39:42+00:00","twitter_card":"summary_large_image","twitter_site":"@oagis","twitter_misc":{"Gesch\u00e4tzte Lesezeit":"9\u00a0Minuten"},"schema":{"@context":"https:\/\/schema.org","@graph":[{"@type":"WebPage","@id":"https:\/\/thomas-ott.net\/home\/?page_id=18369","url":"https:\/\/thomas-ott.net\/home\/?page_id=18369","name":"Vortr\u00e4ge | The Secret Life of Thomas Ott","isPartOf":{"@id":"https:\/\/thomas-ott.net\/home\/#website"},"datePublished":"2018-11-16T13:22:08+00:00","dateModified":"2026-03-27T20:39:42+00:00","breadcrumb":{"@id":"https:\/\/thomas-ott.net\/home\/?page_id=18369#breadcrumb"},"inLanguage":"de","potentialAction":[{"@type":"ReadAction","target":["https:\/\/thomas-ott.net\/home\/?page_id=18369"]}]},{"@type":"BreadcrumbList","@id":"https:\/\/thomas-ott.net\/home\/?page_id=18369#breadcrumb","itemListElement":[{"@type":"ListItem","position":1,"name":"Startseite","item":"https:\/\/thomas-ott.net\/home\/"},{"@type":"ListItem","position":2,"name":"Publikationen","item":"https:\/\/thomas-ott.net\/home\/?page_id=7"},{"@type":"ListItem","position":3,"name":"Vortr\u00e4ge"}]},{"@type":"WebSite","@id":"https:\/\/thomas-ott.net\/home\/#website","url":"https:\/\/thomas-ott.net\/home\/","name":"The Secret Life of Thomas Ott","description":"Website von Dr. Thomas Ott, Weinheim","publisher":{"@id":"https:\/\/thomas-ott.net\/home\/#\/schema\/person\/0a142f0a3d76fa4af0513a832379747b"},"potentialAction":[{"@type":"SearchAction","target":{"@type":"EntryPoint","urlTemplate":"https:\/\/thomas-ott.net\/home\/?s={search_term_string}"},"query-input":{"@type":"PropertyValueSpecification","valueRequired":true,"valueName":"search_term_string"}}],"inLanguage":"de"},{"@type":["Person","Organization"],"@id":"https:\/\/thomas-ott.net\/home\/#\/schema\/person\/0a142f0a3d76fa4af0513a832379747b","name":"Thomas Ott","image":{"@type":"ImageObject","inLanguage":"de","@id":"https:\/\/thomas-ott.net\/home\/#\/schema\/person\/image\/","url":"https:\/\/secure.gravatar.com\/avatar\/984baf04fae50a93f41615cda6dee454fdc8be653bcfd6e45a10e9f54e05505b?s=96&d=mm&r=g","contentUrl":"https:\/\/secure.gravatar.com\/avatar\/984baf04fae50a93f41615cda6dee454fdc8be653bcfd6e45a10e9f54e05505b?s=96&d=mm&r=g","caption":"Thomas Ott"},"logo":{"@id":"https:\/\/thomas-ott.net\/home\/#\/schema\/person\/image\/"},"sameAs":["https:\/\/www.facebook.com\/oagis","https:\/\/www.instagram.com\/thomas_ott_66\/","https:\/\/www.linkedin.com\/in\/oagis\/","https:\/\/x.com\/oagis"]}]}},"_links":{"self":[{"href":"https:\/\/thomas-ott.net\/home\/index.php?rest_route=\/wp\/v2\/pages\/18369","targetHints":{"allow":["GET"]}}],"collection":[{"href":"https:\/\/thomas-ott.net\/home\/index.php?rest_route=\/wp\/v2\/pages"}],"about":[{"href":"https:\/\/thomas-ott.net\/home\/index.php?rest_route=\/wp\/v2\/types\/page"}],"author":[{"embeddable":true,"href":"https:\/\/thomas-ott.net\/home\/index.php?rest_route=\/wp\/v2\/users\/1"}],"replies":[{"embeddable":true,"href":"https:\/\/thomas-ott.net\/home\/index.php?rest_route=%2Fwp%2Fv2%2Fcomments&post=18369"}],"version-history":[{"count":22,"href":"https:\/\/thomas-ott.net\/home\/index.php?rest_route=\/wp\/v2\/pages\/18369\/revisions"}],"predecessor-version":[{"id":20282,"href":"https:\/\/thomas-ott.net\/home\/index.php?rest_route=\/wp\/v2\/pages\/18369\/revisions\/20282"}],"up":[{"embeddable":true,"href":"https:\/\/thomas-ott.net\/home\/index.php?rest_route=\/wp\/v2\/pages\/7"}],"wp:attachment":[{"href":"https:\/\/thomas-ott.net\/home\/index.php?rest_route=%2Fwp%2Fv2%2Fmedia&parent=18369"}],"curies":[{"name":"wp","href":"https:\/\/api.w.org\/{rel}","templated":true}]}}